{"id":627,"date":"2016-05-05T16:27:23","date_gmt":"2016-05-05T16:27:23","guid":{"rendered":"http:\/\/devsite6.gramercyglobal.com\/fr\/global-representation\/"},"modified":"2017-08-16T16:34:29","modified_gmt":"2017-08-16T16:34:29","slug":"representation-mondiale","status":"publish","type":"page","link":"https:\/\/www.forefrontinternational.com\/fr\/nos-services\/representation-mondiale\/","title":{"rendered":"Repr\u00e9sentation mondiale"},"content":{"rendered":"<div class=\"wpb-content-wrapper\"><p>[vc_row full_width=&#8221;stretch_row&#8221; css=&#8221;.vc_custom_1483732145031{margin-top: 0px !important;margin-bottom: 0px !important;border-top-width: 0px !important;border-bottom-width: 0px !important;padding-top: 00px !important;padding-bottom: 00px !important;background-image: url(http:\/\/devsite6.gramercyglobal.com\/wp-content\/uploads\/2016\/05\/languages.jpg?id=402) !important;background-position: center !important;background-repeat: no-repeat !important;background-size: cover !important;}&#8221;][vc_column][vc_row_inner css=&#8221;.vc_custom_1483732200831{margin-top: 0px !important;margin-bottom: 0px !important;border-top-width: 0px !important;border-bottom-width: 0px !important;padding-top: 0px !important;padding-bottom: 0px !important;}&#8221;][vc_column_inner width=&#8221;1\/2&#8243; css=&#8221;.vc_custom_1483732112186{margin-top: 0px !important;margin-bottom: 0px !important;border-top-width: 0px !important;border-bottom-width: 0px !important;padding-top: 0px !important;padding-right: 15px !important;padding-bottom: 0px !important;padding-left: 15px !important;background-color: rgba(255,255,255,0.65) !important;*background-color: rgb(255,255,255) !important;}&#8221;][vc_column_text]<\/p>\n<h1><strong><span style=\"color: #000000; font-size: 40px;\">Repr\u00e9sentation mondiale<\/span><\/strong><\/h1>\n<p>[\/vc_column_text][\/vc_column_inner][vc_column_inner width=&#8221;1\/2&#8243; css=&#8221;.vc_custom_1483732128192{margin-top: 0px !important;margin-bottom: 0px !important;border-top-width: 0px !important;border-bottom-width: 0px !important;padding-top: 0px !important;padding-bottom: 0px !important;}&#8221;][\/vc_column_inner][\/vc_row_inner][\/vc_column][\/vc_row][vc_row full_width=&#8221;stretch_row&#8221; css=&#8221;.vc_custom_1462214189988{background-color: #1d4361 !important;}&#8221;][vc_column][vc_column_text]Gr\u00e2ce \u00e0 nos sp\u00e9cialistes tant en affaires qu\u2019en technique, nous offrons un support pour les \u00e9changes internationaux, le conseil et la repr\u00e9sentation internationale sur site pour nos clients.<\/p>\n<p>Et ce, qu\u2019ils viennent des \u00c9tats-Unis, de l\u2019ALENA, de l\u2019Am\u00e9rique du Sud, de l\u2019Europe ou des pays asiatiques.<\/p>\n<p>Nos forces r\u00e9sident dans nos experts en affaires et en technologie qui implanteront un bureau, une usine ou une filiale \u00e0 l\u2019\u00e9tranger sous diff\u00e9rentes formes allant de la repr\u00e9sentation individuelle \u00e0 une entreprise joint-venture en passant par des options d\u2019acquisition.<\/p>\n<p>Ce groupe d\u2019experts travaille ind\u00e9pendamment des d\u00e9partements linguistique et culturel de notre entreprise et permet \u00e0 la v\u00f4tre, en \u00e9tant sur le site du pays de votre choix, de se d\u00e9velopper \u00e0 l\u2019international. Il vous accompagne tout au long du chemin, de la veille concurrentielle \u00e0 l\u2019entr\u00e9e sur un march\u00e9, jusqu\u2019\u00e0 la repr\u00e9sentation locale directe.[\/vc_column_text][\/vc_column][\/vc_row]<\/p>\n<\/div>","protected":false},"excerpt":{"rendered":"<p>Gr\u00e2ce \u00e0 nos sp\u00e9cialistes tant en affaires qu\u2019en technique, nous offrons un support pour les \u00e9changes internationaux, le conseil et la\u2026<\/p>\n","protected":false},"author":4,"featured_media":402,"parent":863,"menu_order":6,"comment_status":"closed","ping_status":"closed","template":"","meta":{"footnotes":""},"categories":[4],"tags":[],"class_list":["post-627","page","type-page","status-publish","has-post-thumbnail","hentry","category-non-classifiee"],"aioseo_notices":[],"_links":{"self":[{"href":"https:\/\/www.forefrontinternational.com\/fr\/wp-json\/wp\/v2\/pages\/627","targetHints":{"allow":["GET"]}}],"collection":[{"href":"https:\/\/www.forefrontinternational.com\/fr\/wp-json\/wp\/v2\/pages"}],"about":[{"href":"https:\/\/www.forefrontinternational.com\/fr\/wp-json\/wp\/v2\/types\/page"}],"author":[{"embeddable":true,"href":"https:\/\/www.forefrontinternational.com\/fr\/wp-json\/wp\/v2\/users\/4"}],"replies":[{"embeddable":true,"href":"https:\/\/www.forefrontinternational.com\/fr\/wp-json\/wp\/v2\/comments?post=627"}],"version-history":[{"count":5,"href":"https:\/\/www.forefrontinternational.com\/fr\/wp-json\/wp\/v2\/pages\/627\/revisions"}],"predecessor-version":[{"id":2456,"href":"https:\/\/www.forefrontinternational.com\/fr\/wp-json\/wp\/v2\/pages\/627\/revisions\/2456"}],"up":[{"embeddable":true,"href":"https:\/\/www.forefrontinternational.com\/fr\/wp-json\/wp\/v2\/pages\/863"}],"wp:featuredmedia":[{"embeddable":true,"href":"https:\/\/www.forefrontinternational.com\/fr\/wp-json\/wp\/v2\/media\/402"}],"wp:attachment":[{"href":"https:\/\/www.forefrontinternational.com\/fr\/wp-json\/wp\/v2\/media?parent=627"}],"wp:term":[{"taxonomy":"category","embeddable":true,"href":"https:\/\/www.forefrontinternational.com\/fr\/wp-json\/wp\/v2\/categories?post=627"},{"taxonomy":"post_tag","embeddable":true,"href":"https:\/\/www.forefrontinternational.com\/fr\/wp-json\/wp\/v2\/tags?post=627"}],"curies":[{"name":"wp","href":"https:\/\/api.w.org\/{rel}","templated":true}]}}